{"id":3150,"date":"2023-12-14T15:15:22","date_gmt":"2023-12-14T14:15:22","guid":{"rendered":"https:\/\/seahomesvacations.com\/politique-de-confidentialite\/"},"modified":"2024-11-14T19:03:57","modified_gmt":"2024-11-14T18:03:57","slug":"politique-de-confidentialite","status":"publish","type":"page","link":"https:\/\/seahomesvacations.com\/fr\/politique-de-confidentialite\/","title":{"rendered":"Politique de confidentialit\u00e9"},"content":{"rendered":"\t\t<div data-elementor-type=\"wp-page\" data-elementor-id=\"3150\" class=\"elementor elementor-3150 elementor-419\" data-elementor-post-type=\"page\">\n\t\t\t\t\t\t<section class=\"elementor-section elementor-top-section elementor-element elementor-element-49ccf82 elementor-section-boxed elementor-section-height-default elementor-section-height-default\" data-id=\"49ccf82\" data-element_type=\"section\">\n\t\t\t\t\t\t<div class=\"elementor-container elementor-column-gap-default\">\n\t\t\t\t\t<div class=\"aux-parallax-section elementor-column elementor-col-100 elementor-top-column elementor-element elementor-element-58ffedb\" data-id=\"58ffedb\" data-element_type=\"column\">\n\t\t\t<div class=\"elementor-widget-wrap elementor-element-populated\">\n\t\t\t\t\t\t<div class=\"elementor-element elementor-element-0e93394 elementor-widget elementor-widget-text-editor\" data-id=\"0e93394\" data-element_type=\"widget\" data-widget_type=\"text-editor.default\">\n\t\t\t\t<div class=\"elementor-widget-container\">\n\t\t\t\t\t\t\t<h1 class=\"m-auto\">POLITIQUE DE CONFIDENTIALIT\u00c9<\/h1>\n<div>\n<h3>Je. POLITIQUE DE CONFIDENTIALIT\u00c9 ET DE PROTECTION DES DONN\u00c9ES<\/h3>\n<p>Dans le respect des dispositions de la l\u00e9gislation en vigueur, <span class=\"blanc-space ng-binding\">SeaHomes Vacations<\/span> (ci-apr\u00e8s \u00e9galement Site Internet) s&rsquo;engage \u00e0 adopter les mesures techniques et organisationnelles n\u00e9cessaires, en fonction du niveau de s\u00e9curit\u00e9 appropri\u00e9 au risque des donn\u00e9es collect\u00e9es.<\/p>\n<h4>Lois incorpor\u00e9es dans cette politique de confidentialit\u00e9<\/h4>\n<p>Cette politique de confidentialit\u00e9 est adapt\u00e9e \u00e0 la r\u00e9glementation espagnole et europ\u00e9enne en vigueur concernant la protection des donn\u00e9es personnelles sur Internet. Concr\u00e8tement, il respecte les r\u00e8gles suivantes :<\/p>\n<ul>\n<li>R\u00e8glement (UE) 2016\/679 du Parlement europ\u00e9en et du Conseil du 27 avril 2016 relatif \u00e0 la protection des personnes physiques \u00e0 l&rsquo;\u00e9gard du traitement des donn\u00e9es \u00e0 caract\u00e8re personnel et \u00e0 la libre circulation de ces donn\u00e9es (RGPD).<\/li>\n<li>La loi organique 3\/2018 du 5\u00a0d\u00e9cembre sur la protection des donn\u00e9es personnelles et la garantie des droits num\u00e9riques (LOPD-GDD).<\/li>\n<li>D\u00e9cret royal 1720\/2007 du 21 d\u00e9cembre qui approuve le R\u00e8glement d&rsquo;\u00e9laboration de la loi organique 15\/1999 du 13 d\u00e9cembre sur la protection des donn\u00e9es personnelles (RDLOPD).&lt;\/ li&gt;<\/li>\n<li>Loi\u00a034\/2002 du 11\u00a0juillet sur les services de la soci\u00e9t\u00e9 de l&rsquo;information et le commerce \u00e9lectronique (LSSI-CE).<\/li>\n<\/ul>\n<h4>Identit\u00e9 du responsable du traitement des donn\u00e9es personnelles<\/h4>\n<p>Adresse:<\/p>\n<p>Num\u00e9ro de t\u00e9l\u00e9phone\u00a0:\u00a0<span class=\"blanc-space ng-binding\">690089690<\/span><\/p>\n<p>E-mail de contact\u00a0:\u00a0<span class=\"blanc-space ng-binding\">info@seahomesvacations.com<\/span><\/p>\n<h4>Enregistrement des donn\u00e9es personnelles<\/h4>\n<p>Conform\u00e9ment aux dispositions du RGPD et de la LOPD-GDD, nous vous informons que les donn\u00e9es personnelles collect\u00e9es par <span class=\"blanc-space ng-binding\">SeaHomes Vacations<\/span>, \u00e0 travers les formulaires pr\u00e9vus sur ses pages , sera incorpor\u00e9 et sera trait\u00e9 dans notre dossier afin de faciliter, acc\u00e9l\u00e9rer et remplir les engagements \u00e9tablis entre <span class=\"blanc-space ng-binding\">SeaHomes Vacations<\/span> et l&rsquo;Utilisateur ou le maintien du relation \u00e9tablie dans les formulaires qu&rsquo;il remplit, ou pour r\u00e9pondre \u00e0 une demande ou une interrogation. De m\u00eame, conform\u00e9ment aux dispositions du RGPD et de la LOPD-GDD, sauf application de l&rsquo;exception pr\u00e9vue \u00e0 l&rsquo;article 30.5 du RGPD, il est tenu un registre des traitements qui pr\u00e9cise, selon ses finalit\u00e9s, les traitements effectu\u00e9s. et les autres circonstances \u00e9tablies dans le RGPD.<\/p>\n<h4>Principes applicables au traitement des donn\u00e9es personnelles<\/h4>\n<p>Le traitement des donn\u00e9es personnelles de l&rsquo;Utilisateur sera soumis aux principes suivants inclus dans l&rsquo;article 5 du RGPD et dans l&rsquo;article 4 et suivants de la loi organique 3\/2018 du 5 d\u00e9cembre sur la protection des donn\u00e9es personnelles et la garantie des droits num\u00e9riques. :<\/p>\n<ul>\n<li>Principe de l\u00e9galit\u00e9, de loyaut\u00e9 et de transparence\u00a0: le consentement de l&rsquo;Utilisateur sera requis \u00e0 tout moment apr\u00e8s une information en toute transparence sur les finalit\u00e9s pour lesquelles les donn\u00e9es personnelles sont collect\u00e9es.<\/li>\n<li>Principe de limitation des finalit\u00e9s\u00a0: les donn\u00e9es personnelles seront collect\u00e9es \u00e0 des fins sp\u00e9cifiques, explicites et l\u00e9gitimes.<\/li>\n<li>Principe de minimisation des donn\u00e9es\u00a0: les donn\u00e9es personnelles collect\u00e9es ne seront que strictement n\u00e9cessaires au regard des finalit\u00e9s pour lesquelles elles sont trait\u00e9es.<\/li>\n<li>Principe d&rsquo;exactitude\u00a0: les donn\u00e9es personnelles doivent \u00eatre exactes et toujours \u00e0 jour.<\/li>\n<li>Principe de limitation de la dur\u00e9e de conservation\u00a0: les donn\u00e9es personnelles ne seront conserv\u00e9es de mani\u00e8re \u00e0 permettre l&rsquo;identification de l&rsquo;Utilisateur que pendant la dur\u00e9e n\u00e9cessaire aux finalit\u00e9s de leur traitement.<\/li>\n<li>Principe d&rsquo;int\u00e9grit\u00e9 et de confidentialit\u00e9\u00a0: les donn\u00e9es personnelles seront trait\u00e9es de mani\u00e8re \u00e0 garantir leur s\u00e9curit\u00e9 et leur confidentialit\u00e9.<\/li>\n<li>Principe de responsabilit\u00e9 proactive\u00a0: le responsable du traitement des donn\u00e9es sera charg\u00e9 de veiller au respect des principes ci-dessus.<\/li>\n<\/ul>\n<h4>Cat\u00e9gories de donn\u00e9es personnelles<\/h4>\n<p class=\"\">Les cat\u00e9gories de donn\u00e9es trait\u00e9es dans <span class=\"blanc-space ng-binding\">SeaHomes Vacations<\/span> sont uniquement des donn\u00e9es d&rsquo;identification. En aucun cas des cat\u00e9gories particuli\u00e8res de donn\u00e9es personnelles ne sont trait\u00e9es au sens de l&rsquo;article 9 du RGPD.<\/p>\n<h4>Base juridique du traitement des donn\u00e9es personnelles<\/h4>\n<p>La base juridique du traitement des donn\u00e9es personnelles est le consentement.<span class=\"blanc-space ng-binding\">SeaHomes Vacations<\/span>\u00a0s&rsquo;engage \u00e0 obtenir le consentement expr\u00e8s et v\u00e9rifiable de l&rsquo;Utilisateur pour le traitement de ses donn\u00e9es personnelles pour une ou plusieurs finalit\u00e9s sp\u00e9cifiques.<\/p>\n<p>L&rsquo;Utilisateur aura le droit de retirer son consentement \u00e0 tout moment. Il sera aussi facile de retirer un consentement que de le donner. En r\u00e8gle g\u00e9n\u00e9rale, le retrait du consentement n&rsquo;a pas d&rsquo;effetr\u00e9gira l\u2019utilisation du site Web.<\/p>\n<p>Dans les cas o\u00f9 l&rsquo;utilisateur doit ou peut fournir ses donn\u00e9es \u00e0 travers des formulaires pour effectuer des recherches, demander des informations ou pour des raisons li\u00e9es au contenu du site Web, il sera inform\u00e9 si le remplissage de l&rsquo;un d&rsquo;entre eux est obligatoire car indispensable. le bon d\u00e9roulement de l&rsquo;op\u00e9ration r\u00e9alis\u00e9e.<\/p>\n<h4>Finalit\u00e9s des traitements auxquels sont destin\u00e9es les donn\u00e9es personnelles<\/h4>\n<p>Les donn\u00e9es personnelles sont collect\u00e9es et g\u00e9r\u00e9es par <span class=\"blanc-space ng-binding\">SeaHomes Vacations<\/span>\u00a0dans le but de pouvoir faciliter, rationaliser et remplir les engagements \u00e9tablis entre le Site Web et l&rsquo;Utilisateur ou la maintenance. de la relation \u00e9tablie dans les formulaires que ce dernier remplit ou pour r\u00e9pondre \u00e0 une demande ou une interrogation.<\/p>\n<p>De m\u00eame, les donn\u00e9es pourront \u00eatre utilis\u00e9es \u00e0 des fins de personnalisation commerciale, \u00e0 des fins op\u00e9rationnelles et statistiques, et pour des activit\u00e9s sp\u00e9cifiques \u00e0 l&rsquo;objet social de <span class=\"blanc-space ng-binding\">SeaHomes Vacations<\/span>, ainsi que pour l&rsquo;extraction , stockage de donn\u00e9es et \u00e9tudes marketing pour adapter le Contenu propos\u00e9 \u00e0 l&rsquo;Utilisateur, ainsi qu&rsquo;am\u00e9liorer la qualit\u00e9, le fonctionnement et la navigation du Site Internet.<\/p>\n<p>Au moment de l&rsquo;obtention des donn\u00e9es personnelles, l&rsquo;Utilisateur sera inform\u00e9 de la ou des finalit\u00e9s sp\u00e9cifiques du traitement pour lequel les donn\u00e9es personnelles seront utilis\u00e9es ; c&rsquo;est-\u00e0-dire l&rsquo;usage ou les usages qui seront donn\u00e9s aux informations collect\u00e9es.<\/p>\n<h4>Dur\u00e9es de conservation des donn\u00e9es personnelles<\/h4>\n<p>Les donn\u00e9es personnelles ne seront conserv\u00e9es que pendant la dur\u00e9e minimale n\u00e9cessaire aux finalit\u00e9s de leur traitement et, en tout \u00e9tat de cause, uniquement pendant la dur\u00e9e suivante : , ou jusqu&rsquo;\u00e0 ce que l&rsquo;Utilisateur demande leur suppression.<\/p>\n<p>Au moment de l&rsquo;obtention des donn\u00e9es personnelles, l&rsquo;Utilisateur sera inform\u00e9 de la dur\u00e9e pendant laquelle les donn\u00e9es personnelles seront conserv\u00e9es ou, lorsque cela n&rsquo;est pas possible, des crit\u00e8res utilis\u00e9s pour d\u00e9terminer cette dur\u00e9e.<\/p>\n<h4>Destinataires des donn\u00e9es personnelles<\/h4>\n<p class=\"\">Les donn\u00e9es personnelles de l&rsquo;Utilisateur ne seront pas partag\u00e9es avec des tiers.<\/p>\n<p class=\"\">Dans tous les cas, au moment de l&rsquo;obtention des donn\u00e9es personnelles, l&rsquo;Utilisateur sera inform\u00e9 des destinataires ou cat\u00e9gories de destinataires des donn\u00e9es personnelles.<\/p>\n<h4>Donn\u00e9es personnelles des mineurs<\/h4>\n<p>En respectant les dispositions des articles 8 du RGPD et 7 de la loi organique 3\/2018 du 5 d\u00e9cembre sur la protection des donn\u00e9es personnelles et la garantie des droits num\u00e9riques, seules les personnes de plus de 14 ans peuvent donner leur consentement pour le traitement de vos donn\u00e9es. donn\u00e9es personnelles l\u00e9galement par <span class=\"blanc-space ng-binding\">SeaHomes Vacations<\/span>. S&rsquo;il s&rsquo;agit d&rsquo;un mineur de moins de 14 ans, le consentement des parents ou tuteurs sera n\u00e9cessaire pour le traitement, et celui-ci ne sera consid\u00e9r\u00e9 comme licite que dans la mesure o\u00f9 ils l&rsquo;auront autoris\u00e9.<\/p>\n<h4>Secret et s\u00e9curit\u00e9 des donn\u00e9es personnelles<\/h4>\n<p><span class=\"blanc-space ng-binding\">SeaHomes Vacations<\/span>\u00a0s&rsquo;engage \u00e0 adopter les mesures techniques et organisationnelles n\u00e9cessaires, en fonction du niveau de s\u00e9curit\u00e9 appropri\u00e9 au risque des donn\u00e9es collect\u00e9es, de mani\u00e8re \u00e0 garantir la s\u00e9curit\u00e9. . des donn\u00e9es personnelles et emp\u00eacher la destruction accidentelle ou ill\u00e9gale, la perte ou l&rsquo;alt\u00e9ration des donn\u00e9es personnelles transmises, conserv\u00e9es ou autrement trait\u00e9es, ou la communication ou l&rsquo;acc\u00e8s non autoris\u00e9 \u00e0 ces donn\u00e9es.<\/p>\n<p class=\"\">Le Site Web dispose d&rsquo;un certificat SSL (Secure Socket Layer), qui garantit que les donn\u00e9es personnelles sont transmises de mani\u00e8re s\u00e9curis\u00e9e et confidentielle, lors de la transmission entre le serveur et l&rsquo;Utilisateur, et en retour, enti\u00e8rement crypt\u00e9es ou crypt\u00e9es. .<\/p>\n<p>Cependant, \u00e9tant donn\u00e9 que <span class=\"blanc-space ng-binding\">SeaHomes Vacations<\/span>\u00a0ne peut garantir l&rsquo;inexpugnabilit\u00e9 d&rsquo;Internet ni l&rsquo;absence totale de pirates informatiques ou autres acc\u00e9dant frauduleusement aux donn\u00e9es personnelles, le Responsable du traitement s&rsquo;engage \u00e0 informer l&rsquo;Utilisateur. sans retard injustifi\u00e9 en cas de violation de la s\u00e9curit\u00e9 des donn\u00e9es \u00e0 caract\u00e8re personnel susceptible d&rsquo;entra\u00eener un risque \u00e9lev\u00e9 pour les droits et libert\u00e9s des personnes physiques. Conform\u00e9ment aux dispositions de l&rsquo;article 4 du RGPD, on entend par atteinte \u00e0 la s\u00e9curit\u00e9 des donn\u00e9es personnelles toute atteinte \u00e0 la s\u00e9curit\u00e9 entra\u00eenant la destruction, la perte ou l&rsquo;alt\u00e9ration accidentelle ou illicite des donn\u00e9es personnelles transmises, conserv\u00e9es ou autrement trait\u00e9es, ou la communication ou l&rsquo;acc\u00e8s non autoris\u00e9. auxdites donn\u00e9es.<\/p>\n<p>Les donn\u00e9es personnelles seront trait\u00e9es de mani\u00e8re confidentielle par le Responsable du traitement, qui s&rsquo;engage \u00e0 informer et garantir par une obligation l\u00e9gale ou contractuelle que cette confidentialit\u00e9 est respect\u00e9e par ses employ\u00e9s, associ\u00e9s et toute personne \u00e0 qui les donn\u00e9es sont rendues accessibles.<\/p>\n<h4>Droits d\u00e9riv\u00e9s du traitement dedonn\u00e9es personnelles<\/h4>\n<p>L&rsquo;Utilisateur dispose de plus de <span class=\"blanc-space ng-binding\">SeaHomes Vacations<\/span>\u00a0et peut donc exercer \u00e0 l&rsquo;encontre du Responsable du traitement les droits suivants reconnus dans le RGPD et la loi organique 3\/2018 du 5 d\u00e9cembre. , Protection des Donn\u00e9es Personnelles et garantie des droits num\u00e9riques :<\/p>\n<ul>\n<li><i>Droit d&rsquo;acc\u00e8s\u00a0:<\/i>\u00a0L&rsquo;utilisateur a le droit d&rsquo;obtenir la confirmation si <span class=\"blanc-space ng-binding\">SeaHomes Vacations<\/span> traite ou non ses donn\u00e9es personnelles. . et, si tel est le cas, obtenir des informations sur vos donn\u00e9es personnelles sp\u00e9cifiques et sur le traitement que <span class=\"blanc-space ng-binding\">SeaHomes Vacations<\/span> a effectu\u00e9 ou est en train de r\u00e9aliser, ainsi que, entre autres. des choses, un autre, des informations disponibles sur l&rsquo;origine desdites donn\u00e9es et les destinataires des communications effectu\u00e9es ou pr\u00e9vues \u00e0 leur intention.<\/li>\n<li><i>Droit de rectification\u00a0:<\/i>\u00a0C&rsquo;est le droit de l&rsquo;Utilisateur de faire modifier ses donn\u00e9es personnelles qui s&rsquo;av\u00e8rent inexactes ou, compte tenu des finalit\u00e9s du traitement, incompl\u00e8tes.<\/li>\n<li><i>Droit de suppression (\u00ab\u00a0le droit \u00e0 l&rsquo;oubli\u00a0\u00bb)\u00a0:<\/i>\u00a0L&rsquo;Utilisateur a le droit, \u00e0 condition que la l\u00e9gislation en vigueur n&rsquo;en dispose pas autrement, d&rsquo;obtenir la suppression de ses donn\u00e9es personnelles lorsqu&rsquo;il ne existent et sont n\u00e9cessaires aux finalit\u00e9s pour lesquelles ils ont \u00e9t\u00e9 collect\u00e9s ou trait\u00e9s\u00a0; L&rsquo;Utilisateur a retir\u00e9 son consentement au traitement et cela n&rsquo;a pas d&rsquo;autre base l\u00e9gale ; l&rsquo;Utilisateur s&rsquo;oppose au traitement et il n&rsquo;existe aucune autre raison l\u00e9gitime pour le poursuivre ; les donn\u00e9es personnelles ont \u00e9t\u00e9 trait\u00e9es ill\u00e9galement\u00a0; les donn\u00e9es personnelles doivent \u00eatre supprim\u00e9es conform\u00e9ment \u00e0 une obligation l\u00e9gale ; ou les donn\u00e9es personnelles ont \u00e9t\u00e9 obtenues \u00e0 la suite d&rsquo;une offre directe de services de la soci\u00e9t\u00e9 de l&rsquo;information \u00e0 un mineur de moins de 14 ans. Outre la suppression des donn\u00e9es, le responsable du traitement, compte tenu de la technologie disponible et du co\u00fbt de son application, doit prendre des mesures raisonnables pour informer les responsables qui traitent les donn\u00e9es personnelles de la demande de l&rsquo;int\u00e9ress\u00e9 de supprimer tout lien vers ces donn\u00e9es personnelles. .<\/li>\n<li><i>Droit \u00e0 la limitation du traitement\u00a0:<\/i>\u00a0L&rsquo;utilisateur a le droit de limiter le traitement de ses donn\u00e9es personnelles. L&rsquo;Utilisateur a le droit d&rsquo;obtenir la limitation du traitement lorsqu&rsquo;il conteste l&rsquo;exactitude de ses donn\u00e9es personnelles ; le traitement est illicite ; Le responsable du traitement n&rsquo;a plus besoin des donn\u00e9es personnelles, mais l&rsquo;utilisateur en a besoin pour formuler des r\u00e9clamations ; et lorsque l&rsquo;Utilisateur s&rsquo;est oppos\u00e9 au traitement.<\/li>\n<li><i>Droit \u00e0 la portabilit\u00e9 des donn\u00e9es\u00a0:<\/i>\u00a0Dans le cas o\u00f9 le traitement est effectu\u00e9 par des moyens automatis\u00e9s, l&rsquo;utilisateur aura le droit de recevoir ses donn\u00e9es personnelles du responsable du traitement de mani\u00e8re structur\u00e9e et conviviale. format commun et lisible par machine, et de les transmettre \u00e0 un autre contr\u00f4leur. Dans la mesure o\u00f9 cela est techniquement possible, le responsable du traitement transmettra directement les donn\u00e9es \u00e0 cet autre responsable du traitement.<\/li>\n<li><i>Droit d&rsquo;opposition\u00a0:<\/i>\u00a0L&rsquo;Utilisateur a le droit de ne pas faire traiter ses donn\u00e9es personnelles ou de faire cesser leur traitement par <span class=\" blanc-space ng-binding\">SeaHomes Vacations&lt;\/ dur\u00e9e&gt;.<\/span><\/li>\n<li><i>Droit de ne pas faire l&rsquo;objet d&rsquo;une d\u00e9cision bas\u00e9e uniquement sur un traitement automatis\u00e9, y compris le profilage\u00a0:<\/i>\u00a0Il s&rsquo;agit du droit de l&rsquo;Utilisateur de ne pas faire l&rsquo;objet d&rsquo;une d\u00e9cision individualis\u00e9e bas\u00e9e uniquement sur le traitement automatis\u00e9 de vos donn\u00e9es personnelles. , y compris le profilage, existe, sauf si la l\u00e9gislation en vigueur en dispose autrement.<\/li>\n<\/ul>\n<p>Ainsi, l&rsquo;Utilisateur peut exercer ses droits par communication \u00e9crite adress\u00e9e au Responsable du traitement avec la r\u00e9f\u00e9rence \u00ab RGPD-<span class=\"blanc-space ng-binding\">https:\/\/seahomesvacations.com\/<\/span> \u00bb, pr\u00e9cisant :<\/p>\n<ul>\n<li>Nom, pr\u00e9nom de l&rsquo;utilisateur et copie du DNI. Dans les cas o\u00f9 la repr\u00e9sentation est admise, l&rsquo;identification par le m\u00eame moyen de la personne repr\u00e9sentant l&rsquo;Utilisateur sera \u00e9galement n\u00e9cessaire, ainsi que le document accr\u00e9ditant la repr\u00e9sentation. La photocopie du DNI peut \u00eatre remplac\u00e9e par tout autre moyen l\u00e9galement valable prouvant l&rsquo;identit\u00e9.<\/li>\n<li>Demande indiquant les raisons sp\u00e9cifiques de la demande ou les informations auxquelles vous souhaitez acc\u00e9der.<\/li>\n<li>Adresse \u00e0 des fins de notification.<\/li>\n<li>Date et signature du demandeur.<\/li>\n<li>Tout document prouvant la demande que vous faites.<\/li>\n<\/ul>\n<p>Cette candidature et tout autre document joint peuvent \u00eatre envoy\u00e9s \u00e0 l\u2019adresse et\/ou email suivante :<\/p>\n<p>Adresse postale :<\/p>\n<p>E-mail\u00a0:\u00a0<span class=\"blanc-space ng-binding\">info@seahomesvacations.com<\/span><\/p>\n<h4>Liens vers des sites Web tiers<\/h4>\n<p>Le site Web peut inclure des hyperliens ou des liens permettantacc\u00e9der \u00e0 des sites Web de tiers autres que <span class=\"blanc-space ng-binding\">SeaHomes Vacations<\/span>, et qui ne sont donc pas exploit\u00e9s par <span class=\"blanc-space ng-binding\">SeaHomes Vacations&lt; \/envergure&gt;. Les propri\u00e9taires de ces sites Web auront leurs propres politiques de protection des donn\u00e9es, \u00e9tant eux-m\u00eames, dans chaque cas, responsables de leurs propres fichiers et de leurs propres pratiques en mati\u00e8re de confidentialit\u00e9.<\/span><\/p>\n<h4>Plaintes devant l&rsquo;autorit\u00e9 de contr\u00f4le<\/h4>\n<p>Dans le cas o\u00f9 l&rsquo;Utilisateur estimerait qu&rsquo;il existe un probl\u00e8me ou une violation de la r\u00e9glementation en vigueur dans la mani\u00e8re dont ses donn\u00e9es personnelles sont trait\u00e9es, il aura droit \u00e0 une protection judiciaire effective et \u00e0 introduire une r\u00e9clamation aupr\u00e8s d&rsquo;une autorit\u00e9 de contr\u00f4le, notamment , dans l&rsquo;\u00c9tat dans lequel vous avez votre r\u00e9sidence habituelle, votre lieu de travail ou le lieu de l&rsquo;infraction all\u00e9gu\u00e9e. Dans le cas de l&rsquo;Espagne, l&rsquo;autorit\u00e9 de contr\u00f4le est l&rsquo;Agence espagnole de protection des donn\u00e9es (http:\/\/www.agpd.es).<\/p>\n<h3>II. ACCEPTATION ET MODIFICATIONS DE CETTE POLITIQUE DE CONFIDENTIALIT\u00c9<\/h3>\n<p>Il est n\u00e9cessaire que l&rsquo;Utilisateur ait lu et accept\u00e9 les conditions de protection des donn\u00e9es personnelles contenues dans la pr\u00e9sente Politique de Confidentialit\u00e9, ainsi qu&rsquo;il accepte le traitement de ses donn\u00e9es personnelles pour que le Responsable du Traitement puisse le proc\u00e9der sous la forme, dans les d\u00e9lais et aux fins indiqu\u00e9s. L&rsquo;utilisation du site Web impliquera l&rsquo;acceptation de sa politique de confidentialit\u00e9.<\/p>\n<p><span class=\"blanc-space ng-binding\">SeaHomes Vacations<\/span>\u00a0se r\u00e9serve le droit de modifier sa politique de confidentialit\u00e9, selon ses propres crit\u00e8res, ou motiv\u00e9e par un changement l\u00e9gislatif, jurisprudentiel ou doctrinal de l&rsquo;Agence espagnole de protection des donn\u00e9es. . Les modifications ou mises \u00e0 jour de cette politique de confidentialit\u00e9 ne seront pas explicitement notifi\u00e9es \u00e0 l\u2019utilisateur. Il est recommand\u00e9 \u00e0 l&rsquo;Utilisateur de consulter p\u00e9riodiquement cette page pour \u00eatre inform\u00e9 des derni\u00e8res modifications ou mises \u00e0 jour.<\/p>\n<p>Cette politique de confidentialit\u00e9 a \u00e9t\u00e9 mise \u00e0 jour pour s&rsquo;adapter au r\u00e8glement (UE) 2016\/679 du Parlement europ\u00e9en et du Conseil du 27 avril 2016 relatif \u00e0 la protection des personnes physiques \u00e0 l&rsquo;\u00e9gard du traitement des donn\u00e9es personnelles et \u00e0 la libre circulation de celles-ci. donn\u00e9es (RGPD) et loi organique 3\/2018, du 5 d\u00e9cembre, sur la protection des donn\u00e9es personnelles et la garantie des droits num\u00e9riques.<\/p>\n<\/div>\n\t\t\t\t\t\t<\/div>\n\t\t\t\t<\/div>\n\t\t\t\t\t<\/div>\n\t\t<\/div>\n\t\t\t\t\t<\/div>\n\t\t<\/section>\n\t\t\t\t<\/div>\n\t\t","protected":false},"excerpt":{"rendered":"<p>POLITIQUE DE CONFIDENTIALIT\u00c9 Je. POLITIQUE DE CONFIDENTIALIT\u00c9 ET DE PROTECTION DES DONN\u00c9ES Dans le respect des dispositions de la l\u00e9gislation en vigueur, SeaHomes Vacations (ci-apr\u00e8s \u00e9galement Site Internet) s&rsquo;engage \u00e0 adopter les mesures techniques et organisationnelles n\u00e9cessaires, en fonction du niveau de s\u00e9curit\u00e9 appropri\u00e9 au risque des donn\u00e9es collect\u00e9es. Lois incorpor\u00e9es dans cette politique de [&hellip;]<\/p>\n","protected":false},"author":1,"featured_media":0,"parent":0,"menu_order":0,"comment_status":"closed","ping_status":"closed","template":"elementor_header_footer","meta":{"_joinchat":[],"footnotes":""},"class_list":["post-3150","page","type-page","status-publish","hentry"],"_links":{"self":[{"href":"https:\/\/seahomesvacations.com\/fr\/wp-json\/wp\/v2\/pages\/3150","targetHints":{"allow":["GET"]}}],"collection":[{"href":"https:\/\/seahomesvacations.com\/fr\/wp-json\/wp\/v2\/pages"}],"about":[{"href":"https:\/\/seahomesvacations.com\/fr\/wp-json\/wp\/v2\/types\/page"}],"author":[{"embeddable":true,"href":"https:\/\/seahomesvacations.com\/fr\/wp-json\/wp\/v2\/users\/1"}],"replies":[{"embeddable":true,"href":"https:\/\/seahomesvacations.com\/fr\/wp-json\/wp\/v2\/comments?post=3150"}],"version-history":[{"count":1,"href":"https:\/\/seahomesvacations.com\/fr\/wp-json\/wp\/v2\/pages\/3150\/revisions"}],"predecessor-version":[{"id":3151,"href":"https:\/\/seahomesvacations.com\/fr\/wp-json\/wp\/v2\/pages\/3150\/revisions\/3151"}],"wp:attachment":[{"href":"https:\/\/seahomesvacations.com\/fr\/wp-json\/wp\/v2\/media?parent=3150"}],"curies":[{"name":"wp","href":"https:\/\/api.w.org\/{rel}","templated":true}]}}